{"id":28,"date":"2021-12-14T17:31:03","date_gmt":"2021-12-14T17:31:03","guid":{"rendered":"https:\/\/handelscompagniet.eu\/?page_id=28"},"modified":"2021-12-14T18:08:59","modified_gmt":"2021-12-14T18:08:59","slug":"forside","status":"publish","type":"page","link":"https:\/\/handelscompagniet.eu\/","title":{"rendered":"forside"},"content":{"rendered":"\t\t<div data-elementor-type=\"wp-page\" data-elementor-id=\"28\" class=\"elementor elementor-28\">\n\t\t\t\t\t\t<section class=\"elementor-section elementor-top-section elementor-element elementor-element-155cb6d elementor-section-boxed elementor-section-height-default elementor-section-height-default\" data-id=\"155cb6d\" data-element_type=\"section\" data-e-type=\"section\">\n\t\t\t\t\t\t<div class=\"elementor-container elementor-column-gap-default\">\n\t\t\t\t\t<div class=\"elementor-column elementor-col-100 elementor-top-column elementor-element elementor-element-d310928\" data-id=\"d310928\" data-element_type=\"column\" data-e-type=\"column\">\n\t\t\t<div class=\"elementor-widget-wrap elementor-element-populated\">\n\t\t\t\t\t\t<div class=\"elementor-element elementor-element-440235c elementor-widget elementor-widget-spacer\" data-id=\"440235c\" data-element_type=\"widget\" data-e-type=\"widget\" data-widget_type=\"spacer.default\">\n\t\t\t\t<div class=\"elementor-widget-container\">\n\t\t\t\t\t\t\t<div class=\"elementor-spacer\">\n\t\t\t<div class=\"elementor-spacer-inner\"><\/div>\n\t\t<\/div>\n\t\t\t\t\t\t<\/div>\n\t\t\t\t<\/div>\n\t\t\t\t<div class=\"elementor-element elementor-element-165f1c1 elementor-widget elementor-widget-text-editor\" data-id=\"165f1c1\" data-element_type=\"widget\" data-e-type=\"widget\" data-widget_type=\"text-editor.default\">\n\t\t\t\t<div class=\"elementor-widget-container\">\n\t\t\t\t\t\t\t\t\t<p>Vi er en handelsvirksomhed<br>HandelsCompagniet blev stiftet i 2009 og har siden besk\u00e6ftiget sig med drift og udvikling af koncepter p\u00e5 internettet.<br>I dag driver virksomheden med en r\u00e6kke webshops samt salg af flere typer af vare.<br>Vores m\u00e5l er at vise skandinavien nye innovative produkter fra hele verden og at s\u00e6lge produkter direkte fra Danmark til danske virksomheder og privatpersoner<\/p>\t\t\t\t\t\t\t\t<\/div>\n\t\t\t\t<\/div>\n\t\t\t\t\t<\/div>\n\t\t<\/div>\n\t\t\t\t\t<\/div>\n\t\t<\/section>\n\t\t\t\t<\/div>\n\t\t","protected":false},"excerpt":{"rendered":"<p>Vi er en handelsvirksomhedHandelsCompagniet blev stiftet i 2009 og har siden besk\u00e6ftiget sig med drift og udvikling af koncepter p\u00e5 internettet.I dag driver virksomheden med en r\u00e6kke webshops samt salg af flere typer af vare.Vores m\u00e5l er at vise skandinavien nye innovative produkter fra hele verden og at s\u00e6lge produkter direkte fra Danmark til danske&#8230;<\/p>\n","protected":false},"author":1,"featured_media":0,"parent":0,"menu_order":0,"comment_status":"closed","ping_status":"closed","template":"","meta":{"_themeisle_gutenberg_block_has_review":false,"_kadence_starter_templates_imported_post":false,"_kad_post_transparent":"","_kad_post_title":"hide","_kad_post_layout":"fullwidth","_kad_post_sidebar_id":"","_kad_post_content_style":"unboxed","_kad_post_vertical_padding":"hide","_kad_post_feature":"hide","_kad_post_feature_position":"","_kad_post_header":false,"_kad_post_footer":false,"_kad_post_classname":"","footnotes":""},"class_list":["post-28","page","type-page","status-publish","hentry"],"_links":{"self":[{"href":"https:\/\/handelscompagniet.eu\/index.php?rest_route=\/wp\/v2\/pages\/28","targetHints":{"allow":["GET"]}}],"collection":[{"href":"https:\/\/handelscompagniet.eu\/index.php?rest_route=\/wp\/v2\/pages"}],"about":[{"href":"https:\/\/handelscompagniet.eu\/index.php?rest_route=\/wp\/v2\/types\/page"}],"author":[{"embeddable":true,"href":"https:\/\/handelscompagniet.eu\/index.php?rest_route=\/wp\/v2\/users\/1"}],"replies":[{"embeddable":true,"href":"https:\/\/handelscompagniet.eu\/index.php?rest_route=%2Fwp%2Fv2%2Fcomments&post=28"}],"version-history":[{"count":7,"href":"https:\/\/handelscompagniet.eu\/index.php?rest_route=\/wp\/v2\/pages\/28\/revisions"}],"predecessor-version":[{"id":38,"href":"https:\/\/handelscompagniet.eu\/index.php?rest_route=\/wp\/v2\/pages\/28\/revisions\/38"}],"wp:attachment":[{"href":"https:\/\/handelscompagniet.eu\/index.php?rest_route=%2Fwp%2Fv2%2Fmedia&parent=28"}],"curies":[{"name":"wp","href":"https:\/\/api.w.org\/{rel}","templated":true}]}}